{"id":206,"date":"2016-01-23T14:54:25","date_gmt":"2016-01-23T13:54:25","guid":{"rendered":"http:\/\/avb.vasquavia.fr\/?page_id=206"},"modified":"2018-06-28T13:52:21","modified_gmt":"2018-06-28T12:52:21","slug":"a-propos","status":"publish","type":"page","link":"https:\/\/avb-en-art.com\/es\/a-propos\/","title":{"rendered":"A proposito"},"content":{"rendered":"[vc_row][vc_column][az_blank_divider height_value=\u00bb70&#8243;][\/vc_column][vc_column][az_column_text]\n<h1 style=\"text-align: center; font-size: 16px;\"><strong style=\"color: #2abb9b !important;\">Alexandra Astachenko Vasquez Benavente<\/strong><\/h1>\n<p style=\"text-align: center;\">Nacida el 7 de agosto de 1970 en Thionville en Francia.<br \/>\nAlumna\u00a0de la Escuela de Bellas Artes N.UNTERSTELLER en\u00a0METZ.<\/p>\n[\/az_column_text][az_blank_divider height_value=\u00bb30&#8243;][\/vc_column][\/vc_row][vc_row section_mode=\u00bbfluid\u00bb no_margin_padding=\u00bbyes\u00bb el_class=\u00bbcontentDarkerNP\u00bb][vc_column width=\u00bb1\/4&#8243;][\/vc_column][vc_column width=\u00bb1\/2&#8243;][vc_row_inner][vc_column_inner width=\u00bb1\/2&#8243;][az_column_text]Profesora de artes pl\u00e1sticas, participa a exposiciones en medios asociativos y privados.<\/p>\n<p>En 2007, expone en el 118 \u00b0 Sal\u00f3n de artistas Independientes (p\u00e1gina 26 de la edici\u00f3n de ese a\u00f1o)<br \/>\nas\u00ed como en sal\u00f3n de \u201cArt en Capital\u201d.<\/p>\n<p>En este periodo, sus trabajos residen esencialmente en la b\u00fasqueda del ritmo de la trama aleatoria, de s\u00edmbolos de l\u00edneas -sentimientos, el grafismo se traduce a trav\u00e9s del car\u00e1cter particular de la escritura.<\/p>\n<p>En 2010 vive en Rusia y A.V.B. deja su taller en cartones.<br \/>\nSe encuentra con Florence que se desempe\u00f1a con flores y precisamente con las rosas. Florence posee un invernadero de rosas y le ofrece trabajar con las rosas no vendidas.<\/p>\n<p>La b\u00fasqueda con este nuevo soporte material, le permite iniciarse en un contexto de esta naturaleza inmensa y majestuosa.<\/p>\n<blockquote><p>\u00ab <em>Lo que me inspira es la naturaleza dorada en Oto\u00f1o, esta naturaleza de otra dimensi\u00f3n<\/em> \u00bb.<\/p><\/blockquote>\n[\/az_column_text][\/vc_column_inner][vc_column_inner width=\u00bb1\/2&#8243;][az_single_image image=\u00bb247&#8243; image_mode=\u00bbimg-responsive\u00bb image_style_effects=\u00bbimg-rounded\u00bb image_alignment=\u00bbaligncenter\u00bb el_class=\u00bbcontentImg\u00bb][\/vc_column_inner][\/vc_row_inner][vc_row_inner][vc_column_inner][az_column_text]Los resultados de estos trabajos ser\u00e1n expuestos en un sal\u00f3n sobre las flores (las rosas) en Mosc\u00fa.[\/az_column_text][\/vc_column_inner][\/vc_row_inner][\/vc_column][vc_column width=\u00bb1\/4&#8243;][\/vc_column][\/vc_row][vc_row][vc_column][az_blank_divider height_value=\u00bb30&#8243;][\/vc_column][\/vc_row][vc_row section_mode=\u00bbfluid\u00bb no_margin_padding=\u00bbyes\u00bb][vc_column width=\u00bb1\/4&#8243;][\/vc_column][vc_column width=\u00bb1\/2&#8243;][vc_row_inner][vc_column_inner width=\u00bb1\/2&#8243;][az_column_text]\n<p style=\"text-align: center;\"><strong>Hoy en d\u00eda\u2026..<\/strong><\/p>\n<p>Icono: pintura religiosa sobre paneles de madera, a menudo adornados de metal precioso o<br \/>\nenjoyadas.<\/p>\n<p>Representaci\u00f3n con valor art\u00edstico de la divinidad o de personajes a temas religiosos.<\/p>\n<blockquote><p>La naturaleza, los \u00e1rboles, las flores, las hierbas, las hojas son para mi como oro, piedras<br \/>\npreciosas&#8230;.<\/p><\/blockquote>\n<p>Para ella, tocar esta materia, constituye un trabajo de orfebrer\u00eda.<\/p>\n<p>Si estos elementos naturales son puestos en paralelo con las joyas, entonces estos tienen la fragilidad, la delicadeza y la fuerza de los sentimientos.<\/p>\n<p>Si su trabajo t\u00e9cnico toma de cerca o de lejos la t\u00e9cnica de los iconos entonces finalmente de esta mezcla de asombro, de poes\u00eda, de sagrado\u2026 Nacen como \u00bb<em>PROFETAS DE LA NATURALEZA<\/em>\u00bb.[\/az_column_text][\/vc_column_inner][vc_column_inner width=\u00bb1\/2&#8243;][az_single_image image=\u00bb629&#8243; image_style_effects=\u00bbimg-rounded\u00bb image_alignment=\u00bbaligncenter\u00bb el_class=\u00bbcontentImg\u00bb][\/vc_column_inner][\/vc_row_inner][az_column_text]Un poco lejos de la escritura grafica abstracta de sus primeros trabajos&#8230; Ella renueva con el placer, la trama aleatoria aun si es al servicio de un figurativo.<\/p>\n<blockquote><p><strong>\u00ab LAS PROFETISAS HABLARIAN EN NOMBRE DE DIOS&#8230; Y SI DIOS FUESE UNA DIOSA: LA NATURALEZA \u00bb<\/strong><\/p><\/blockquote>\n[\/az_column_text][\/vc_column][vc_column width=\u00bb1\/4&#8243;][\/vc_column][\/vc_row][vc_row][vc_column][az_blank_divider height_value=\u00bb70&#8243;][\/vc_column][\/vc_row][vc_row section_mode=\u00bbfluid\u00bb no_margin_padding=\u00bbyes\u00bb][vc_column][vc_row_inner][vc_column_inner][az_column_text el_class=\u00bbfooterColor\u00bb]\n<p style=\"text-align: center; padding: 70px 0; background: #523840; color: #dddddd; font-size: 24px; font-weight: bold;\">No dude en <a href=\"\/travaux\/\">visitar la obra<\/a> o para <a href=\"\/contact\/\">dejar un mensaje<\/a> !<\/p>\n[\/az_column_text][\/vc_column_inner][\/vc_row_inner][\/vc_column][\/vc_row]","protected":false},"excerpt":{"rendered":"<p>[vc_row][vc_column][az_blank_divider height_value=\u00bb70&#8243;][\/vc_column][vc_column][az_column_text] Alexandra Astachenko Vasquez Benavente Nacida el 7 de agosto de 1970 en Thionville en Francia. Alumna\u00a0de la Escuela de Bellas Artes N.UNTERSTELLER en\u00a0METZ. [\/az_column_text][az_blank_divider height_value=\u00bb30&#8243;][\/vc_column][\/vc_row][vc_row section_mode=\u00bbfluid\u00bb no_margin_padding=\u00bbyes\u00bb el_class=\u00bbcontentDarkerNP\u00bb][vc_column width=\u00bb1\/4&#8243;][\/vc_column][vc_column width=\u00bb1\/2&#8243;][vc_row_inner][vc_column_inner width=\u00bb1\/2&#8243;][az_column_text]Profesora de artes pl\u00e1sticas, participa a exposiciones en medios asociativos y privados. En 2007, expone en el 118 \u00b0 Sal\u00f3n de artistas Independientes [&hellip;]<\/p>\n","protected":false},"author":1,"featured_media":0,"parent":0,"menu_order":0,"comment_status":"closed","ping_status":"closed","template":"template-contact.php","meta":[],"yoast_head":"<!-- This site is optimized with the Yoast SEO plugin v19.1 - https:\/\/yoast.com\/wordpress\/plugins\/seo\/ -->\n<title>A.V.B. - About me<\/title>\n<meta name=\"robots\" content=\"index, follow, max-snippet:-1, max-image-preview:large, max-video-preview:-1\" \/>\n<link rel=\"canonical\" href=\"https:\/\/avb-en-art.com\/ca\/a-propos\/\" \/>\n<meta property=\"og:locale\" content=\"es_ES\" \/>\n<meta property=\"og:type\" content=\"article\" \/>\n<meta property=\"og:title\" content=\"A.V.B. - About me\" \/>\n<meta property=\"og:description\" content=\"[vc_row][vc_column][az_blank_divider height_value=\u00bb70&#8243;][\/vc_column][vc_column][az_column_text] Alexandra Astachenko Vasquez Benavente Nacida el 7 de agosto de 1970 en Thionville en Francia. Alumna\u00a0de la Escuela de Bellas Artes N.UNTERSTELLER en\u00a0METZ. [\/az_column_text][az_blank_divider height_value=\u00bb30&#8243;][\/vc_column][\/vc_row][vc_row section_mode=\u00bbfluid\u00bb no_margin_padding=\u00bbyes\u00bb el_class=\u00bbcontentDarkerNP\u00bb][vc_column width=\u00bb1\/4&#8243;][\/vc_column][vc_column width=\u00bb1\/2&#8243;][vc_row_inner][vc_column_inner width=\u00bb1\/2&#8243;][az_column_text]Profesora de artes pl\u00e1sticas, participa a exposiciones en medios asociativos y privados. En 2007, expone en el 118 \u00b0 Sal\u00f3n de artistas Independientes [&hellip;]\" \/>\n<meta property=\"og:url\" content=\"https:\/\/avb-en-art.com\/ca\/a-propos\/\" \/>\n<meta property=\"og:site_name\" content=\"A.V.B.\" \/>\n<meta property=\"article:modified_time\" content=\"2018-06-28T12:52:21+00:00\" \/>\n<meta name=\"twitter:card\" content=\"summary\" \/>\n<meta name=\"twitter:label1\" content=\"Tiempo de lectura\" \/>\n\t<meta name=\"twitter:data1\" content=\"13 minutos\" \/>\n<script type=\"application\/ld+json\" class=\"yoast-schema-graph\">{\"@context\":\"https:\/\/schema.org\",\"@graph\":[{\"@type\":\"WebSite\",\"@id\":\"https:\/\/avb-en-art.com\/ca\/#website\",\"url\":\"https:\/\/avb-en-art.com\/ca\/\",\"name\":\"A.V.B.\",\"description\":\"Artiste Peintre\",\"potentialAction\":[{\"@type\":\"SearchAction\",\"target\":{\"@type\":\"EntryPoint\",\"urlTemplate\":\"https:\/\/avb-en-art.com\/ca\/?s={search_term_string}\"},\"query-input\":\"required name=search_term_string\"}],\"inLanguage\":\"es\"},{\"@type\":\"WebPage\",\"@id\":\"https:\/\/avb-en-art.com\/ca\/a-propos\/#webpage\",\"url\":\"https:\/\/avb-en-art.com\/ca\/a-propos\/\",\"name\":\"A.V.B. - About me\",\"isPartOf\":{\"@id\":\"https:\/\/avb-en-art.com\/ca\/#website\"},\"datePublished\":\"2016-01-23T13:54:25+00:00\",\"dateModified\":\"2018-06-28T12:52:21+00:00\",\"breadcrumb\":{\"@id\":\"https:\/\/avb-en-art.com\/ca\/a-propos\/#breadcrumb\"},\"inLanguage\":\"es\",\"potentialAction\":[{\"@type\":\"ReadAction\",\"target\":[\"https:\/\/avb-en-art.com\/ca\/a-propos\/\"]}]},{\"@type\":\"BreadcrumbList\",\"@id\":\"https:\/\/avb-en-art.com\/ca\/a-propos\/#breadcrumb\",\"itemListElement\":[{\"@type\":\"ListItem\",\"position\":1,\"name\":\"Accueil\",\"item\":\"https:\/\/avb-en-art.com\/ca\/\"},{\"@type\":\"ListItem\",\"position\":2,\"name\":\"Sobre AVB\"}]}]}<\/script>\n<!-- \/ Yoast SEO plugin. -->","yoast_head_json":{"title":"A.V.B. - About me","robots":{"index":"index","follow":"follow","max-snippet":"max-snippet:-1","max-image-preview":"max-image-preview:large","max-video-preview":"max-video-preview:-1"},"canonical":"https:\/\/avb-en-art.com\/ca\/a-propos\/","og_locale":"es_ES","og_type":"article","og_title":"A.V.B. - About me","og_description":"[vc_row][vc_column][az_blank_divider height_value=\u00bb70&#8243;][\/vc_column][vc_column][az_column_text] Alexandra Astachenko Vasquez Benavente Nacida el 7 de agosto de 1970 en Thionville en Francia. Alumna\u00a0de la Escuela de Bellas Artes N.UNTERSTELLER en\u00a0METZ. [\/az_column_text][az_blank_divider height_value=\u00bb30&#8243;][\/vc_column][\/vc_row][vc_row section_mode=\u00bbfluid\u00bb no_margin_padding=\u00bbyes\u00bb el_class=\u00bbcontentDarkerNP\u00bb][vc_column width=\u00bb1\/4&#8243;][\/vc_column][vc_column width=\u00bb1\/2&#8243;][vc_row_inner][vc_column_inner width=\u00bb1\/2&#8243;][az_column_text]Profesora de artes pl\u00e1sticas, participa a exposiciones en medios asociativos y privados. En 2007, expone en el 118 \u00b0 Sal\u00f3n de artistas Independientes [&hellip;]","og_url":"https:\/\/avb-en-art.com\/ca\/a-propos\/","og_site_name":"A.V.B.","article_modified_time":"2018-06-28T12:52:21+00:00","twitter_card":"summary","twitter_misc":{"Tiempo de lectura":"13 minutos"},"schema":{"@context":"https:\/\/schema.org","@graph":[{"@type":"WebSite","@id":"https:\/\/avb-en-art.com\/ca\/#website","url":"https:\/\/avb-en-art.com\/ca\/","name":"A.V.B.","description":"Artiste Peintre","potentialAction":[{"@type":"SearchAction","target":{"@type":"EntryPoint","urlTemplate":"https:\/\/avb-en-art.com\/ca\/?s={search_term_string}"},"query-input":"required name=search_term_string"}],"inLanguage":"es"},{"@type":"WebPage","@id":"https:\/\/avb-en-art.com\/ca\/a-propos\/#webpage","url":"https:\/\/avb-en-art.com\/ca\/a-propos\/","name":"A.V.B. - About me","isPartOf":{"@id":"https:\/\/avb-en-art.com\/ca\/#website"},"datePublished":"2016-01-23T13:54:25+00:00","dateModified":"2018-06-28T12:52:21+00:00","breadcrumb":{"@id":"https:\/\/avb-en-art.com\/ca\/a-propos\/#breadcrumb"},"inLanguage":"es","potentialAction":[{"@type":"ReadAction","target":["https:\/\/avb-en-art.com\/ca\/a-propos\/"]}]},{"@type":"BreadcrumbList","@id":"https:\/\/avb-en-art.com\/ca\/a-propos\/#breadcrumb","itemListElement":[{"@type":"ListItem","position":1,"name":"Accueil","item":"https:\/\/avb-en-art.com\/ca\/"},{"@type":"ListItem","position":2,"name":"Sobre AVB"}]}]}},"_links":{"self":[{"href":"https:\/\/avb-en-art.com\/es\/wp-json\/wp\/v2\/pages\/206"}],"collection":[{"href":"https:\/\/avb-en-art.com\/es\/wp-json\/wp\/v2\/pages"}],"about":[{"href":"https:\/\/avb-en-art.com\/es\/wp-json\/wp\/v2\/types\/page"}],"author":[{"embeddable":true,"href":"https:\/\/avb-en-art.com\/es\/wp-json\/wp\/v2\/users\/1"}],"replies":[{"embeddable":true,"href":"https:\/\/avb-en-art.com\/es\/wp-json\/wp\/v2\/comments?post=206"}],"version-history":[{"count":72,"href":"https:\/\/avb-en-art.com\/es\/wp-json\/wp\/v2\/pages\/206\/revisions"}],"predecessor-version":[{"id":1074,"href":"https:\/\/avb-en-art.com\/es\/wp-json\/wp\/v2\/pages\/206\/revisions\/1074"}],"wp:attachment":[{"href":"https:\/\/avb-en-art.com\/es\/wp-json\/wp\/v2\/media?parent=206"}],"curies":[{"name":"wp","href":"https:\/\/api.w.org\/{rel}","templated":true}]}}