{"id":206,"date":"2016-01-23T14:54:25","date_gmt":"2016-01-23T13:54:25","guid":{"rendered":"http:\/\/avb.vasquavia.fr\/?page_id=206"},"modified":"2018-06-28T13:52:21","modified_gmt":"2018-06-28T12:52:21","slug":"a-propos","status":"publish","type":"page","link":"https:\/\/avb-en-art.com\/ca\/a-propos\/","title":{"rendered":"Sobre AVB"},"content":{"rendered":"[vc_row][vc_column][az_blank_divider height_value=&#8221;70&#8243;][\/vc_column][vc_column][az_column_text]\n<h1 style=\"text-align: center; font-size: 16px;\"><strong style=\"color: #2abb9b !important;\">Alexandra Astachenko Vasquez Benavente<\/strong><\/h1>\n<p style=\"text-align: center;\">Nascuda el 07 agost 1970, a Thionville (Fran\u00e7a).<br \/>\nAlumna de l&#8217;escola de Belles Artes N.UNTERSTELLER a METZ (Fran\u00e7a).<\/p>\n[\/az_column_text][az_blank_divider height_value=&#8221;30&#8243;][\/vc_column][\/vc_row][vc_row section_mode=&#8221;fluid&#8221; no_margin_padding=&#8221;yes&#8221; el_class=&#8221;contentDarkerNP&#8221;][vc_column width=&#8221;1\/4&#8243;][\/vc_column][vc_column width=&#8221;1\/2&#8243;][vc_row_inner][vc_column_inner width=&#8221;1\/2&#8243;][az_column_text]Entre diferents etapes vitals i<strong> paiisos<\/strong>, AVB imparteix cursos d&#8217;arts pl\u00e0stiques i participa en exposicions dins el<strong> mon<\/strong> associatiu i <strong>priv\u00e9.<\/strong><\/p>\n<p>L&#8217;any 2007 passa a fomar part del 118\u00e8 &#8221;Salon des Artistes Ind\u00e9pendants&#8221; (p\u00e0gina 26 de l&#8217;edicio d&#8217;aquell any) aixi com de &#8221;Art en Capitale&#8221;, i t\u00e9 el seu debut amb una s\u00e8rie d&#8217;exposicions per diverses galeres d&#8217;art de Paris.<\/p>\n<p>Durant aquesta etapa, el seu treball es centra essentcialment en la recerca del ritme, de la trama <strong><u>aleatoria<\/u><\/strong> entre signes-linies-sentiments, el grafisme del qual es tradueix pel caracter particular &#8221;d&#8217;une escriptura&#8221;.<\/p>\n<p>L&#8217;any 2010 posa tot el seu taller en caixes (impossible de fer-ho sense una gran ruptura) per poder a viure a <strong><u>Russia<\/u><\/strong>.<\/p>\n<p>Una mica desestabilitzada a la feina, arriba a con\u00e8ixer la Florence, una especialista en el <strong><u>mon<\/u><\/strong> de les flors, i m\u00e9s concretament en el de les roses. La Florence t\u00e9 un hivernacle, i la Florence li proposa poder experimentar amb aquelles que no es poden vendre.<\/p>\n<p>La <strong><u>investigacio<\/u><\/strong> amb aquest &#8216;material&#8217; comen\u00e7a dins un context d&#8217;aquesta natura immensa que ens envolta.<\/p>\n<blockquote><p>\u00ab <em>El que m&#8217;inspira \u00e9s la natura, especialment aquella de colors daurats de la tardor. Es una<br \/>\nnaturalesa d&#8217;una altra dimensio<\/em> \u00bb.<\/p><\/blockquote>\n[\/az_column_text][\/vc_column_inner][vc_column_inner width=&#8221;1\/2&#8243;][az_single_image image=&#8221;247&#8243; image_mode=&#8221;img-responsive&#8221; image_style_effects=&#8221;img-rounded&#8221; image_alignment=&#8221;aligncenter&#8221; el_class=&#8221;contentImg&#8221;][\/vc_column_inner][\/vc_row_inner][vc_row_inner][vc_column_inner][az_column_text]Una exposicio organitzada per la Florence t\u00e9 lloc a Moscou&#8230; desafortunadament sense continuiitat ja que retorna a Fran\u00e7a.[\/az_column_text][\/vc_column_inner][\/vc_row_inner][\/vc_column][vc_column width=&#8221;1\/4&#8243;][\/vc_column][\/vc_row][vc_row][vc_column][az_blank_divider height_value=&#8221;30&#8243;][\/vc_column][\/vc_row][vc_row section_mode=&#8221;fluid&#8221; no_margin_padding=&#8221;yes&#8221;][vc_column width=&#8221;1\/4&#8243;][\/vc_column][vc_column width=&#8221;1\/2&#8243;][vc_row_inner][vc_column_inner width=&#8221;1\/2&#8243;][az_column_text]\n<p style=\"text-align: center;\"><strong>Actualment&#8230;.<\/strong><\/p>\n<p>&#8221;Ic\u00f4nes&#8221;: Retrats de pintures religioses sobre retaules de fusta, sovint complementades amb metalls preciosos o pedreria. <strong><u>Representacio<\/u><\/strong> del valor artististic o de tem\u00e0tiques de car\u00e0cter <strong><u>religios<\/u><\/strong>.<\/p>\n<blockquote><p>Per mi, la naturalesa, els arbres, les flors, les plantes, les fulles, son com l&#8217;or, com pedres precioses&#8230;.<\/p><\/blockquote>\n<p>A l&#8217;AVB, li sembla que tocar i treballar amb aquesta mat\u00e8ria \u00e9s com una feina d&#8217;orfebreria. Aquests elements naturals combinats amb peces de joiera obtenen la fragilitat, la delicadesa i, potser tamb\u00e9, la for\u00e7a dels sentiments.<\/p>\n<p>I si b\u00e9 la seva t\u00e9cnica es recolza m\u00e9s en la &#8221;technique des ic\u00f4nes&#8221;, \u00e9s finalment d&#8217;aquesta barreja<br \/>\nd&#8217;admiracio, poesia, sacralitat&#8230;. que sorgeix &#8221;<em>PROFETESSES DE LA NATURA<\/em>&#8221;.<\/p>\n[\/az_column_text][\/vc_column_inner][vc_column_inner width=&#8221;1\/2&#8243;][az_single_image image=&#8221;629&#8243; image_style_effects=&#8221;img-rounded&#8221; image_alignment=&#8221;aligncenter&#8221; el_class=&#8221;contentImg&#8221;][\/vc_column_inner][\/vc_row_inner][az_column_text]Una mica allunyada de l&#8217;escriptura gr\u00e0fica abstracta del seu treball anterior&#8230;.hi retroba el plaer, la joia, la trama aleatoria, encara que siguibal servei d&#8217;un art figuratiu.<\/p>\n<blockquote><p>&#8221;<strong>LES PROFETESSES PARLERIEN EN NOM DE DEU&#8230;I SI FOS UNA DEESA: LA NATURA<\/strong>&#8221;<\/p><\/blockquote>\n<p>&nbsp;<\/p>\n[\/az_column_text][\/vc_column][vc_column width=&#8221;1\/4&#8243;][\/vc_column][\/vc_row][vc_row][vc_column][az_blank_divider height_value=&#8221;70&#8243;][\/vc_column][\/vc_row][vc_row section_mode=&#8221;fluid&#8221; no_margin_padding=&#8221;yes&#8221;][vc_column][vc_row_inner][vc_column_inner][az_column_text el_class=&#8221;footerColor&#8221;]\n<p style=\"text-align: center; padding: 70px 0; background: #523840; color: #dddddd; font-size: 24px; font-weight: bold;\">No dubti a <a href=\"\/travaux\/\">visitar l&#8217;obra<\/a> o per\u00a0<a href=\"\/contact\/\">deixar un missatge<\/a> !<\/p>\n[\/az_column_text][\/vc_column_inner][\/vc_row_inner][\/vc_column][\/vc_row]","protected":false},"excerpt":{"rendered":"<p>[vc_row][vc_column][az_blank_divider height_value=&#8221;70&#8243;][\/vc_column][vc_column][az_column_text] Alexandra Astachenko Vasquez Benavente Nascuda el 07 agost 1970, a Thionville (Fran\u00e7a). Alumna de l&#8217;escola de Belles Artes N.UNTERSTELLER a METZ (Fran\u00e7a). [\/az_column_text][az_blank_divider height_value=&#8221;30&#8243;][\/vc_column][\/vc_row][vc_row section_mode=&#8221;fluid&#8221; no_margin_padding=&#8221;yes&#8221; el_class=&#8221;contentDarkerNP&#8221;][vc_column width=&#8221;1\/4&#8243;][\/vc_column][vc_column width=&#8221;1\/2&#8243;][vc_row_inner][vc_column_inner width=&#8221;1\/2&#8243;][az_column_text]Entre diferents etapes vitals i paiisos, AVB imparteix cursos d&#8217;arts pl\u00e0stiques i participa en exposicions dins el mon associatiu i priv\u00e9. L&#8217;any 2007 passa [&hellip;]<\/p>\n","protected":false},"author":1,"featured_media":0,"parent":0,"menu_order":0,"comment_status":"closed","ping_status":"closed","template":"template-contact.php","meta":[],"yoast_head":"<!-- This site is optimized with the Yoast SEO plugin v19.1 - https:\/\/yoast.com\/wordpress\/plugins\/seo\/ -->\n<title>A.V.B. - About me<\/title>\n<meta name=\"robots\" content=\"index, follow, max-snippet:-1, max-image-preview:large, max-video-preview:-1\" \/>\n<link rel=\"canonical\" href=\"https:\/\/avb-en-art.com\/ca\/a-propos\/\" \/>\n<meta property=\"og:locale\" content=\"ca_ES\" \/>\n<meta property=\"og:type\" content=\"article\" \/>\n<meta property=\"og:title\" content=\"A.V.B. - About me\" \/>\n<meta property=\"og:description\" content=\"[vc_row][vc_column][az_blank_divider height_value=&#8221;70&#8243;][\/vc_column][vc_column][az_column_text] Alexandra Astachenko Vasquez Benavente Nascuda el 07 agost 1970, a Thionville (Fran\u00e7a). Alumna de l&#8217;escola de Belles Artes N.UNTERSTELLER a METZ (Fran\u00e7a). [\/az_column_text][az_blank_divider height_value=&#8221;30&#8243;][\/vc_column][\/vc_row][vc_row section_mode=&#8221;fluid&#8221; no_margin_padding=&#8221;yes&#8221; el_class=&#8221;contentDarkerNP&#8221;][vc_column width=&#8221;1\/4&#8243;][\/vc_column][vc_column width=&#8221;1\/2&#8243;][vc_row_inner][vc_column_inner width=&#8221;1\/2&#8243;][az_column_text]Entre diferents etapes vitals i paiisos, AVB imparteix cursos d&#8217;arts pl\u00e0stiques i participa en exposicions dins el mon associatiu i priv\u00e9. L&#8217;any 2007 passa [&hellip;]\" \/>\n<meta property=\"og:url\" content=\"https:\/\/avb-en-art.com\/ca\/a-propos\/\" \/>\n<meta property=\"og:site_name\" content=\"A.V.B.\" \/>\n<meta property=\"article:modified_time\" content=\"2018-06-28T12:52:21+00:00\" \/>\n<meta name=\"twitter:card\" content=\"summary\" \/>\n<meta name=\"twitter:label1\" content=\"Temps estimat de lectura\" \/>\n\t<meta name=\"twitter:data1\" content=\"13 minuts\" \/>\n<script type=\"application\/ld+json\" class=\"yoast-schema-graph\">{\"@context\":\"https:\/\/schema.org\",\"@graph\":[{\"@type\":\"WebSite\",\"@id\":\"https:\/\/avb-en-art.com\/ca\/#website\",\"url\":\"https:\/\/avb-en-art.com\/ca\/\",\"name\":\"A.V.B.\",\"description\":\"Artiste Peintre\",\"potentialAction\":[{\"@type\":\"SearchAction\",\"target\":{\"@type\":\"EntryPoint\",\"urlTemplate\":\"https:\/\/avb-en-art.com\/ca\/?s={search_term_string}\"},\"query-input\":\"required name=search_term_string\"}],\"inLanguage\":\"ca\"},{\"@type\":\"WebPage\",\"@id\":\"https:\/\/avb-en-art.com\/ca\/a-propos\/#webpage\",\"url\":\"https:\/\/avb-en-art.com\/ca\/a-propos\/\",\"name\":\"A.V.B. - About me\",\"isPartOf\":{\"@id\":\"https:\/\/avb-en-art.com\/ca\/#website\"},\"datePublished\":\"2016-01-23T13:54:25+00:00\",\"dateModified\":\"2018-06-28T12:52:21+00:00\",\"breadcrumb\":{\"@id\":\"https:\/\/avb-en-art.com\/ca\/a-propos\/#breadcrumb\"},\"inLanguage\":\"ca\",\"potentialAction\":[{\"@type\":\"ReadAction\",\"target\":[\"https:\/\/avb-en-art.com\/ca\/a-propos\/\"]}]},{\"@type\":\"BreadcrumbList\",\"@id\":\"https:\/\/avb-en-art.com\/ca\/a-propos\/#breadcrumb\",\"itemListElement\":[{\"@type\":\"ListItem\",\"position\":1,\"name\":\"Accueil\",\"item\":\"https:\/\/avb-en-art.com\/ca\/\"},{\"@type\":\"ListItem\",\"position\":2,\"name\":\"Sobre AVB\"}]}]}<\/script>\n<!-- \/ Yoast SEO plugin. -->","yoast_head_json":{"title":"A.V.B. - About me","robots":{"index":"index","follow":"follow","max-snippet":"max-snippet:-1","max-image-preview":"max-image-preview:large","max-video-preview":"max-video-preview:-1"},"canonical":"https:\/\/avb-en-art.com\/ca\/a-propos\/","og_locale":"ca_ES","og_type":"article","og_title":"A.V.B. - About me","og_description":"[vc_row][vc_column][az_blank_divider height_value=&#8221;70&#8243;][\/vc_column][vc_column][az_column_text] Alexandra Astachenko Vasquez Benavente Nascuda el 07 agost 1970, a Thionville (Fran\u00e7a). Alumna de l&#8217;escola de Belles Artes N.UNTERSTELLER a METZ (Fran\u00e7a). [\/az_column_text][az_blank_divider height_value=&#8221;30&#8243;][\/vc_column][\/vc_row][vc_row section_mode=&#8221;fluid&#8221; no_margin_padding=&#8221;yes&#8221; el_class=&#8221;contentDarkerNP&#8221;][vc_column width=&#8221;1\/4&#8243;][\/vc_column][vc_column width=&#8221;1\/2&#8243;][vc_row_inner][vc_column_inner width=&#8221;1\/2&#8243;][az_column_text]Entre diferents etapes vitals i paiisos, AVB imparteix cursos d&#8217;arts pl\u00e0stiques i participa en exposicions dins el mon associatiu i priv\u00e9. L&#8217;any 2007 passa [&hellip;]","og_url":"https:\/\/avb-en-art.com\/ca\/a-propos\/","og_site_name":"A.V.B.","article_modified_time":"2018-06-28T12:52:21+00:00","twitter_card":"summary","twitter_misc":{"Temps estimat de lectura":"13 minuts"},"schema":{"@context":"https:\/\/schema.org","@graph":[{"@type":"WebSite","@id":"https:\/\/avb-en-art.com\/ca\/#website","url":"https:\/\/avb-en-art.com\/ca\/","name":"A.V.B.","description":"Artiste Peintre","potentialAction":[{"@type":"SearchAction","target":{"@type":"EntryPoint","urlTemplate":"https:\/\/avb-en-art.com\/ca\/?s={search_term_string}"},"query-input":"required name=search_term_string"}],"inLanguage":"ca"},{"@type":"WebPage","@id":"https:\/\/avb-en-art.com\/ca\/a-propos\/#webpage","url":"https:\/\/avb-en-art.com\/ca\/a-propos\/","name":"A.V.B. - About me","isPartOf":{"@id":"https:\/\/avb-en-art.com\/ca\/#website"},"datePublished":"2016-01-23T13:54:25+00:00","dateModified":"2018-06-28T12:52:21+00:00","breadcrumb":{"@id":"https:\/\/avb-en-art.com\/ca\/a-propos\/#breadcrumb"},"inLanguage":"ca","potentialAction":[{"@type":"ReadAction","target":["https:\/\/avb-en-art.com\/ca\/a-propos\/"]}]},{"@type":"BreadcrumbList","@id":"https:\/\/avb-en-art.com\/ca\/a-propos\/#breadcrumb","itemListElement":[{"@type":"ListItem","position":1,"name":"Accueil","item":"https:\/\/avb-en-art.com\/ca\/"},{"@type":"ListItem","position":2,"name":"Sobre AVB"}]}]}},"_links":{"self":[{"href":"https:\/\/avb-en-art.com\/ca\/wp-json\/wp\/v2\/pages\/206"}],"collection":[{"href":"https:\/\/avb-en-art.com\/ca\/wp-json\/wp\/v2\/pages"}],"about":[{"href":"https:\/\/avb-en-art.com\/ca\/wp-json\/wp\/v2\/types\/page"}],"author":[{"embeddable":true,"href":"https:\/\/avb-en-art.com\/ca\/wp-json\/wp\/v2\/users\/1"}],"replies":[{"embeddable":true,"href":"https:\/\/avb-en-art.com\/ca\/wp-json\/wp\/v2\/comments?post=206"}],"version-history":[{"count":72,"href":"https:\/\/avb-en-art.com\/ca\/wp-json\/wp\/v2\/pages\/206\/revisions"}],"predecessor-version":[{"id":1074,"href":"https:\/\/avb-en-art.com\/ca\/wp-json\/wp\/v2\/pages\/206\/revisions\/1074"}],"wp:attachment":[{"href":"https:\/\/avb-en-art.com\/ca\/wp-json\/wp\/v2\/media?parent=206"}],"curies":[{"name":"wp","href":"https:\/\/api.w.org\/{rel}","templated":true}]}}